{"id":2033,"date":"2026-02-18T16:06:47","date_gmt":"2026-02-18T16:06:47","guid":{"rendered":"https:\/\/odierno2dev.wpenginepowered.com\/?page_id=2033"},"modified":"2026-03-16T17:38:07","modified_gmt":"2026-03-16T17:38:07","slug":"abogados-expertos-en-inmigracion-en-long-island","status":"publish","type":"page","link":"https:\/\/www.o2law.com\/es\/abogados-expertos-en-inmigracion-en-long-island\/","title":{"rendered":"Abogados Expertos en Inmigraci\u00f3n en Long Island"},"content":{"rendered":"\n      <section  class=\"o2-block o2-block-raw-content pb-10 lg:pb-12\">\n      <div class=\"o2-typo o2-typo--raw-content\">\n        <p><em>El proceso de inmigraci\u00f3n es muy complejo. Cada caso requiere un an\u00e1lisis exhaustivo y atenci\u00f3n a cada detalle. Estamos aqu\u00ed para ayudar a nuestros clientes a alcanzar sus objetivos de inmigraci\u00f3n.<\/em><\/p>\n<h2><span class=\"ez-toc-section\" id=\"Deportacion\"><\/span>Deportaci\u00f3n<span class=\"ez-toc-section-end\"><\/span><\/h2>\n<p>Las personas que se enfrentan a una deportaci\u00f3n suelen tener solo una oportunidad para demostrar que no deben ser expulsadas.<\/p>\n<h2><span class=\"ez-toc-section\" id=\"Asilo\"><\/span>Asilo<span class=\"ez-toc-section-end\"><\/span><\/h2>\n<p>Si alguien puede demostrar que teme ser perseguido en su pa\u00eds, es posible que pueda evitar la deportaci\u00f3n solicitando asilo. Los motivos que se tienen en cuenta para conceder el asilo pueden ser la raza, la religi\u00f3n, la nacionalidad, las opiniones pol\u00edticas o la orientaci\u00f3n sexual.<\/p>\n<h2><span class=\"ez-toc-section\" id=\"DACA\"><\/span>DACA<span class=\"ez-toc-section-end\"><\/span><\/h2>\n<p>Las personas que tienen DACA tambi\u00e9n se conocen como \u00abDREAMERS\u00bb. Con este estatus, la persona puede trabajar, estudiar, obtener el carn\u00e9 de conducir y un n\u00famero de la Seguridad Social. El DACA requiere una renovaci\u00f3n cada dos a\u00f1os, y el proceso de renovaci\u00f3n debe iniciarse 180 d\u00edas antes de la fecha de vencimiento del estatus actual; se recomienda solicitar la renovaci\u00f3n a m\u00e1s tardar 120 d\u00edas antes de que expire.<\/p>\n<p>En este momento no se pueden tramitar nuevas solicitudes, pero puede que valga la pena presentar una, de modo que la solicitud quede en el sistema como pendiente y, a la espera de una v\u00eda legal para nuevos solicitantes, tener parte de la documentaci\u00f3n ya preparada puede ahorrar tiempo.<\/p>\n      <\/div>\n    <\/section>\n  \n\n\n\n      <section  class=\"o2-block o2-block-raw-content pb-10 lg:pb-12\">\n      <div class=\"o2-typo o2-typo--raw-content\">\n        <h2><span class=\"ez-toc-section\" id=\"Permiso_de_estancia_temporal_Parole_in_Place\"><\/span>Permiso de estancia temporal (Parole in Place)<span class=\"ez-toc-section-end\"><\/span><\/h2>\n<p>El permiso de estancia temporal permite a una persona que haya entrado en Estados Unidos sin la autorizaci\u00f3n de un funcionario de inmigraci\u00f3n permanecer en el pa\u00eds durante un periodo de tiempo determinado. Este permiso puede obtenerse por razones humanitarias urgentes o por un beneficio p\u00fablico significativo.<\/p>\n<h2><span class=\"ez-toc-section\" id=\"Visado_U\"><\/span>Visado U<span class=\"ez-toc-section-end\"><\/span><\/h2>\n<p>El visado U se cre\u00f3 para otorgar un estatus migratorio a aquellas personas que hayan sufrido abusos f\u00edsicos o psicol\u00f3gicos y que colaboren con las fuerzas del orden o con funcionarios del Gobierno en la investigaci\u00f3n o el enjuiciamiento de actividades delictivas.<\/p>\n<h2><span class=\"ez-toc-section\" id=\"Naturalizacion\"><\/span>Naturalizaci\u00f3n<span class=\"ez-toc-section-end\"><\/span><\/h2>\n<p>Para solicitar la ciudadan\u00eda estadounidense, debe demostrar que lleva al menos cinco a\u00f1os viviendo en EE. UU. con una tarjeta verde v\u00e1lida (hay algunas excepciones para los asilados, las personas casadas con ciudadanos estadounidenses y las personas que han pasado tiempo fuera de Estados Unidos). La solicitud de naturalizaci\u00f3n debe tramitarse correctamente; de lo contrario, el gobierno podr\u00eda examinar minuciosamente su situaci\u00f3n migratoria.<\/p>\n<h2><span class=\"ez-toc-section\" id=\"Peticion\"><\/span>Petici\u00f3n<span class=\"ez-toc-section-end\"><\/span><\/h2>\n<p>Una petici\u00f3n es una forma de obtener una tarjeta verde. Los ciudadanos estadounidenses y los residentes permanentes legales pueden patrocinar a un familiar mediante dicha petici\u00f3n. Los familiares directos, incluidos los hijos menores de 21 a\u00f1os y los c\u00f3nyuges de ciudadanos estadounidenses, no tienen que esperar para obtener un visado. Tienen derecho inmediato a una tarjeta verde o a un visado en los Estados Unidos. Los hijos solteros mayores de 21 a\u00f1os de ciudadanos estadounidenses tienen prioridad en las listas de espera de visados.<\/p>\n      <\/div>\n    <\/section>\n  \n\n\n  <section  class=\"o2-block o2-block-post-highlighted-icon-text bg-blue md:mr-10 xl:mr-0 mb-10 lg:mb-12 pt-7 pb-10 md:py-12 md:pr-12 md:rounded-tr-3xl md:rounded-br-3xl max-md:text-center relative\">\n\n    <div class=\"max-md:mx-auto md:absolute md:top-0 md:-translate-y-1\/2 md:right-0 md:translate-x-1\/2 w-24 h-24 rounded-full flex justify-center items-center bg-blue-400 max-md:mb-5\">\n              <img decoding=\"async\" src=\"https:\/\/g0ooncg3.cdn.imgeng.in\/wp-content\/themes\/the-odierno-law-firm-theme\/assets\/images\/icons\/ic-notice-white.svg\" alt=\"Icon Notice\" width=\"48\" height=\"48\" class=\"w-12 h-12 object-contain\">\n          <\/div>\n\n          <div class=\"o2-typo--link-white font-semibold text-xl leading-7 uppercase text-white pb-6 [&#038;_a]:underline\">\n        <h2><span class=\"ez-toc-section\" id=\"Con_mas_de_150_anos_de_experiencia_a_nuestras_espaldas\"><\/span>Con m\u00e1s de 150 a\u00f1os de experiencia a nuestras espaldas<span class=\"ez-toc-section-end\"><\/span><\/h2>\n      <\/div>\n    \n    \n          <div class=\"space-y-10 lg:space-y-14\">\n                  <div class=\"o2-typo o2-typo--primary text-white\">\n            <p>El bufete de abogados Odierno cuenta con una larga trayectoria al servicio de la comunidad de Long Island. Contamos con una amplia experiencia y un historial probado. Estamos profundamente comprometidos a ayudarle, no solo con su caso, sino tambi\u00e9n con sus necesidades cotidianas.<\/p>\n          <\/div>\n        \n                            <a href=\"https:\/\/www.o2law.com\/es\/contactanos\/\" class=\"o2-button o2-button--secondary\" target=\"_self\" >solicita tu consulta gratuita<\/a>              <\/div>\n    \n    <span class=\"absolute top-0 left-px -translate-x-full 5xl:-translate-x-44 w-full h-full bg-blue -z-10\"><\/span>\n    <span class=\"block md:hidden absolute top-0 right-px translate-x-full w-full h-full bg-blue -z-10\"><\/span>\n    <span class=\"hidden 5xl:block absolute top-0 left-0 w-48 h-full bg-gradient-to-l from-blue from-30% to-white-200 to-100% 5xl:-translate-x-60 z-10\"><\/span>\n\n  <\/section>\n\n\n  <section  class=\"o2-block o2-block-post-heading-image-content-cta pb-10 lg:pb-12\">\n    <div class=\"relative bg-blue xl:rounded-tr-3xl xl:rounded-br-3xl py-12 xl:pr-14\">\n      <span class=\"hidden 5xl:block absolute top-0 left-0 w-48 h-full bg-gradient-to-l from-blue from-30% to-white-200 to-100% 5xl:-translate-x-60 z-10\"><\/span>\n\n      <span class=\"absolute top-0 left-px -translate-x-full 5xl:-translate-x-44 w-full h-full bg-blue -z-10\"><\/span>\n      <span class=\"block xl:hidden absolute top-0 right-px translate-x-full w-full h-full bg-blue -z-10\"><\/span>\n\n              <h2 class=\"font-semibold text-xl leading-7 md:text-3xl md:leading-10 uppercase text-white text-center mb-10 pb-10 lg:mb-12 lg:pb-12 border-b border-white\"><span class=\"ez-toc-section\" id=\"El_punto_de_reaccion\"><\/span>El punto de reacci\u00f3n<span class=\"ez-toc-section-end\"><\/span><\/h2>\n      \n              <img decoding=\"async\" width=\"1600\" height=\"828\" src=\"https:\/\/g0ooncg3.cdn.imgeng.in\/wp-content\/uploads\/2026\/03\/The_Reaction_Point-2.png\" class=\"w-full h-auto object-contain mb-10 lg:mb-12 pointer-events-none\" alt=\"\" srcset=\"https:\/\/g0ooncg3.cdn.imgeng.in\/wp-content\/uploads\/2026\/03\/The_Reaction_Point-2.png 1600w, https:\/\/g0ooncg3.cdn.imgeng.in\/wp-content\/uploads\/2026\/03\/The_Reaction_Point-2-300x155.png 300w, https:\/\/g0ooncg3.cdn.imgeng.in\/wp-content\/uploads\/2026\/03\/The_Reaction_Point-2-1024x530.png 1024w, https:\/\/g0ooncg3.cdn.imgeng.in\/wp-content\/uploads\/2026\/03\/The_Reaction_Point-2-768x397.png 768w, https:\/\/g0ooncg3.cdn.imgeng.in\/wp-content\/uploads\/2026\/03\/The_Reaction_Point-2-1536x795.png 1536w\" sizes=\"(max-width: 1600px) 100vw, 1600px\" \/>      \n              <div class=\"o2-typo o2-typo--primary text-white text-center\">\n          <p>Cada caso tiene sus propias variables, entre las que se incluyen la negligencia, las pruebas, la complejidad m\u00e9dica y lo que est\u00e1 en juego. El bufete Odierno act\u00faa como el reactivo que une estos elementos y pone en marcha la reacci\u00f3n. El resultado es el desenlace que buscamos: un veredicto o un acuerdo favorable para nuestros clientes.<\/p>\n        <\/div>\n      \n              <div class=\"pt-10 lg:pt-12 text-center\">\n          <a href=\"#free-consultation\" class=\"o2-button o2-button--secondary\" target=\"_self\" >P\u00f3ngase en contacto con nosotros hoy mismo<\/a>        <\/div>\n          <\/div>\n  <\/section>\n","protected":false},"excerpt":{"rendered":"","protected":false},"author":3,"featured_media":1710,"parent":0,"menu_order":7,"comment_status":"closed","ping_status":"closed","template":"templates\/page-single-practice-area.php","meta":{"_acf_changed":true,"footnotes":""},"class_list":["post-2033","page","type-page","status-publish","has-post-thumbnail","hentry"],"acf":[],"yoast_head":"<!-- This site is optimized with the Yoast SEO plugin v27.2 - https:\/\/yoast.com\/product\/yoast-seo-wordpress\/ -->\n<title>Abogados Expertos en Inmigraci\u00f3n en Long Island<\/title>\n<meta name=\"description\" content=\"El proceso de inmigraci\u00f3n es muy complejo. Los abogados de The Odierno Law Firm somos expertos y podemos ayudarle en su caso. Cont\u00e1ctenos hoy\" \/>\n<meta name=\"robots\" content=\"index, follow, max-snippet:-1, max-image-preview:large, max-video-preview:-1\" \/>\n<link rel=\"canonical\" href=\"https:\/\/www.o2law.com\/es\/abogados-expertos-en-inmigracion-en-long-island\/\" \/>\n<meta property=\"og:locale\" content=\"es_ES\" \/>\n<meta property=\"og:type\" content=\"article\" \/>\n<meta property=\"og:title\" content=\"Abogados Expertos en Inmigraci\u00f3n en Long Island\" \/>\n<meta property=\"og:description\" content=\"El proceso de inmigraci\u00f3n es muy complejo. Los abogados de The Odierno Law Firm somos expertos y podemos ayudarle en su caso. Cont\u00e1ctenos hoy\" \/>\n<meta property=\"og:url\" content=\"https:\/\/www.o2law.com\/es\/abogados-expertos-en-inmigracion-en-long-island\/\" \/>\n<meta property=\"og:site_name\" content=\"The Odierno Law Firm Accident and Injury Lawyers\" \/>\n<meta property=\"article:modified_time\" content=\"2026-03-16T17:38:07+00:00\" \/>\n<meta property=\"og:image\" content=\"https:\/\/www.o2law.com\/wp-content\/uploads\/2026\/02\/long-island-immigration-law-attorneys.png\" \/>\n\t<meta property=\"og:image:width\" content=\"1600\" \/>\n\t<meta property=\"og:image:height\" content=\"710\" \/>\n\t<meta property=\"og:image:type\" content=\"image\/png\" \/>\n<meta name=\"twitter:card\" content=\"summary_large_image\" \/>\n<script type=\"application\/ld+json\" class=\"yoast-schema-graph\">{\"@context\":\"https:\/\/schema.org\",\"@graph\":[{\"@type\":\"WebPage\",\"@id\":\"https:\/\/www.o2law.com\/es\/abogados-expertos-en-inmigracion-en-long-island\/\",\"url\":\"https:\/\/www.o2law.com\/es\/abogados-expertos-en-inmigracion-en-long-island\/\",\"name\":\"Abogados Expertos en Inmigraci\u00f3n en Long Island\",\"isPartOf\":{\"@id\":\"https:\/\/www.o2law.com\/es\/#website\"},\"primaryImageOfPage\":{\"@id\":\"https:\/\/www.o2law.com\/es\/abogados-expertos-en-inmigracion-en-long-island\/#primaryimage\"},\"image\":{\"@id\":\"https:\/\/www.o2law.com\/es\/abogados-expertos-en-inmigracion-en-long-island\/#primaryimage\"},\"thumbnailUrl\":\"https:\/\/www.o2law.com\/wp-content\/uploads\/2026\/02\/long-island-immigration-law-attorneys.png\",\"datePublished\":\"2026-02-18T16:06:47+00:00\",\"dateModified\":\"2026-03-16T17:38:07+00:00\",\"description\":\"El proceso de inmigraci\u00f3n es muy complejo. Los abogados de The Odierno Law Firm somos expertos y podemos ayudarle en su caso. Cont\u00e1ctenos hoy\",\"breadcrumb\":{\"@id\":\"https:\/\/www.o2law.com\/es\/abogados-expertos-en-inmigracion-en-long-island\/#breadcrumb\"},\"inLanguage\":\"es\",\"potentialAction\":[{\"@type\":\"ReadAction\",\"target\":[\"https:\/\/www.o2law.com\/es\/abogados-expertos-en-inmigracion-en-long-island\/\"]}]},{\"@type\":\"ImageObject\",\"inLanguage\":\"es\",\"@id\":\"https:\/\/www.o2law.com\/es\/abogados-expertos-en-inmigracion-en-long-island\/#primaryimage\",\"url\":\"https:\/\/www.o2law.com\/wp-content\/uploads\/2026\/02\/long-island-immigration-law-attorneys.png\",\"contentUrl\":\"https:\/\/www.o2law.com\/wp-content\/uploads\/2026\/02\/long-island-immigration-law-attorneys.png\",\"width\":1600,\"height\":710,\"caption\":\"Long Island Immigration Law Attorney\"},{\"@type\":\"BreadcrumbList\",\"@id\":\"https:\/\/www.o2law.com\/es\/abogados-expertos-en-inmigracion-en-long-island\/#breadcrumb\",\"itemListElement\":[{\"@type\":\"ListItem\",\"position\":1,\"name\":\"P\u00e1gina de inicio\",\"item\":\"https:\/\/www.o2law.com\/es\/home-page\/\"},{\"@type\":\"ListItem\",\"position\":2,\"name\":\"Abogados Expertos en Inmigraci\u00f3n en Long Island\"}]},{\"@type\":\"WebSite\",\"@id\":\"https:\/\/www.o2law.com\/es\/#website\",\"url\":\"https:\/\/www.o2law.com\/es\/\",\"name\":\"The Odierno Law Firm Accident and Injury Lawyers\",\"description\":\"Long Island Personal Injury Lawyers\",\"publisher\":{\"@id\":\"https:\/\/www.o2law.com\/es\/#organization\"},\"potentialAction\":[{\"@type\":\"SearchAction\",\"target\":{\"@type\":\"EntryPoint\",\"urlTemplate\":\"https:\/\/www.o2law.com\/es\/?s={search_term_string}\"},\"query-input\":{\"@type\":\"PropertyValueSpecification\",\"valueRequired\":true,\"valueName\":\"search_term_string\"}}],\"inLanguage\":\"es\"},{\"@type\":\"Organization\",\"@id\":\"https:\/\/www.o2law.com\/es\/#organization\",\"name\":\"The Odierno Law Firm Accident and Injury Lawyers\",\"url\":\"https:\/\/www.o2law.com\/es\/\",\"logo\":{\"@type\":\"ImageObject\",\"inLanguage\":\"es\",\"@id\":\"https:\/\/www.o2law.com\/es\/#\/schema\/logo\/image\/\",\"url\":\"https:\/\/www.o2law.com\/wp-content\/uploads\/2026\/02\/logo-the-odierno-law-firm.svg\",\"contentUrl\":\"https:\/\/www.o2law.com\/wp-content\/uploads\/2026\/02\/logo-the-odierno-law-firm.svg\",\"caption\":\"The Odierno Law Firm Accident and Injury Lawyers\"},\"image\":{\"@id\":\"https:\/\/www.o2law.com\/es\/#\/schema\/logo\/image\/\"}}]}<\/script>\n<!-- \/ Yoast SEO plugin. -->","yoast_head_json":{"title":"Abogados Expertos en Inmigraci\u00f3n en Long Island","description":"El proceso de inmigraci\u00f3n es muy complejo. Los abogados de The Odierno Law Firm somos expertos y podemos ayudarle en su caso. Cont\u00e1ctenos hoy","robots":{"index":"index","follow":"follow","max-snippet":"max-snippet:-1","max-image-preview":"max-image-preview:large","max-video-preview":"max-video-preview:-1"},"canonical":"https:\/\/www.o2law.com\/es\/abogados-expertos-en-inmigracion-en-long-island\/","og_locale":"es_ES","og_type":"article","og_title":"Abogados Expertos en Inmigraci\u00f3n en Long Island","og_description":"El proceso de inmigraci\u00f3n es muy complejo. Los abogados de The Odierno Law Firm somos expertos y podemos ayudarle en su caso. Cont\u00e1ctenos hoy","og_url":"https:\/\/www.o2law.com\/es\/abogados-expertos-en-inmigracion-en-long-island\/","og_site_name":"The Odierno Law Firm Accident and Injury Lawyers","article_modified_time":"2026-03-16T17:38:07+00:00","og_image":[{"width":1600,"height":710,"url":"https:\/\/www.o2law.com\/wp-content\/uploads\/2026\/02\/long-island-immigration-law-attorneys.png","type":"image\/png"}],"twitter_card":"summary_large_image","schema":{"@context":"https:\/\/schema.org","@graph":[{"@type":"WebPage","@id":"https:\/\/www.o2law.com\/es\/abogados-expertos-en-inmigracion-en-long-island\/","url":"https:\/\/www.o2law.com\/es\/abogados-expertos-en-inmigracion-en-long-island\/","name":"Abogados Expertos en Inmigraci\u00f3n en Long Island","isPartOf":{"@id":"https:\/\/www.o2law.com\/es\/#website"},"primaryImageOfPage":{"@id":"https:\/\/www.o2law.com\/es\/abogados-expertos-en-inmigracion-en-long-island\/#primaryimage"},"image":{"@id":"https:\/\/www.o2law.com\/es\/abogados-expertos-en-inmigracion-en-long-island\/#primaryimage"},"thumbnailUrl":"https:\/\/www.o2law.com\/wp-content\/uploads\/2026\/02\/long-island-immigration-law-attorneys.png","datePublished":"2026-02-18T16:06:47+00:00","dateModified":"2026-03-16T17:38:07+00:00","description":"El proceso de inmigraci\u00f3n es muy complejo. Los abogados de The Odierno Law Firm somos expertos y podemos ayudarle en su caso. Cont\u00e1ctenos hoy","breadcrumb":{"@id":"https:\/\/www.o2law.com\/es\/abogados-expertos-en-inmigracion-en-long-island\/#breadcrumb"},"inLanguage":"es","potentialAction":[{"@type":"ReadAction","target":["https:\/\/www.o2law.com\/es\/abogados-expertos-en-inmigracion-en-long-island\/"]}]},{"@type":"ImageObject","inLanguage":"es","@id":"https:\/\/www.o2law.com\/es\/abogados-expertos-en-inmigracion-en-long-island\/#primaryimage","url":"https:\/\/www.o2law.com\/wp-content\/uploads\/2026\/02\/long-island-immigration-law-attorneys.png","contentUrl":"https:\/\/www.o2law.com\/wp-content\/uploads\/2026\/02\/long-island-immigration-law-attorneys.png","width":1600,"height":710,"caption":"Long Island Immigration Law Attorney"},{"@type":"BreadcrumbList","@id":"https:\/\/www.o2law.com\/es\/abogados-expertos-en-inmigracion-en-long-island\/#breadcrumb","itemListElement":[{"@type":"ListItem","position":1,"name":"P\u00e1gina de inicio","item":"https:\/\/www.o2law.com\/es\/home-page\/"},{"@type":"ListItem","position":2,"name":"Abogados Expertos en Inmigraci\u00f3n en Long Island"}]},{"@type":"WebSite","@id":"https:\/\/www.o2law.com\/es\/#website","url":"https:\/\/www.o2law.com\/es\/","name":"The Odierno Law Firm Accident and Injury Lawyers","description":"Long Island Personal Injury Lawyers","publisher":{"@id":"https:\/\/www.o2law.com\/es\/#organization"},"potentialAction":[{"@type":"SearchAction","target":{"@type":"EntryPoint","urlTemplate":"https:\/\/www.o2law.com\/es\/?s={search_term_string}"},"query-input":{"@type":"PropertyValueSpecification","valueRequired":true,"valueName":"search_term_string"}}],"inLanguage":"es"},{"@type":"Organization","@id":"https:\/\/www.o2law.com\/es\/#organization","name":"The Odierno Law Firm Accident and Injury Lawyers","url":"https:\/\/www.o2law.com\/es\/","logo":{"@type":"ImageObject","inLanguage":"es","@id":"https:\/\/www.o2law.com\/es\/#\/schema\/logo\/image\/","url":"https:\/\/www.o2law.com\/wp-content\/uploads\/2026\/02\/logo-the-odierno-law-firm.svg","contentUrl":"https:\/\/www.o2law.com\/wp-content\/uploads\/2026\/02\/logo-the-odierno-law-firm.svg","caption":"The Odierno Law Firm Accident and Injury Lawyers"},"image":{"@id":"https:\/\/www.o2law.com\/es\/#\/schema\/logo\/image\/"}}]}},"_links":{"self":[{"href":"https:\/\/www.o2law.com\/es\/wp-json\/wp\/v2\/pages\/2033","targetHints":{"allow":["GET"]}}],"collection":[{"href":"https:\/\/www.o2law.com\/es\/wp-json\/wp\/v2\/pages"}],"about":[{"href":"https:\/\/www.o2law.com\/es\/wp-json\/wp\/v2\/types\/page"}],"author":[{"embeddable":true,"href":"https:\/\/www.o2law.com\/es\/wp-json\/wp\/v2\/users\/3"}],"replies":[{"embeddable":true,"href":"https:\/\/www.o2law.com\/es\/wp-json\/wp\/v2\/comments?post=2033"}],"version-history":[{"count":0,"href":"https:\/\/www.o2law.com\/es\/wp-json\/wp\/v2\/pages\/2033\/revisions"}],"wp:featuredmedia":[{"embeddable":true,"href":"https:\/\/www.o2law.com\/es\/wp-json\/wp\/v2\/media\/1710"}],"wp:attachment":[{"href":"https:\/\/www.o2law.com\/es\/wp-json\/wp\/v2\/media?parent=2033"}],"curies":[{"name":"wp","href":"https:\/\/api.w.org\/{rel}","templated":true}]}}