{"id":2153,"date":"2026-03-18T15:10:52","date_gmt":"2026-03-18T15:10:52","guid":{"rendered":"https:\/\/odierno2dev.wpenginepowered.com\/disclaimer\/"},"modified":"2026-03-18T15:14:45","modified_gmt":"2026-03-18T15:14:45","slug":"aviso-legal","status":"publish","type":"page","link":"https:\/\/www.o2law.com\/es\/aviso-legal\/","title":{"rendered":"Aviso legal"},"content":{"rendered":"\n      <section  class=\"o2-block o2-block-raw-content pb-10 lg:pb-12\">\n      <div class=\"o2-typo o2-typo--raw-content\">\n        <p>Este sitio web es un proyecto de The Odierno Law Firm, un bufete de abogados con sede en Nueva York.<\/p>\n<p>La informaci\u00f3n contenida en este sitio web tiene car\u00e1cter meramente informativo y no constituye asesoramiento jur\u00eddico. El uso de este sitio web no establece una relaci\u00f3n abogado-cliente entre usted y The Odierno Law Firm ni ning\u00fan otro bufete de abogados.<\/p>\n<p>Publicidad de abogados. Los resultados anteriores no garantizan un resultado similar.<\/p>\n      <\/div>\n    <\/section>\n  \n","protected":false},"excerpt":{"rendered":"","protected":false},"author":2,"featured_media":0,"parent":0,"menu_order":0,"comment_status":"closed","ping_status":"closed","template":"templates\/page-long-form.php","meta":{"_acf_changed":true,"footnotes":""},"class_list":["post-2153","page","type-page","status-publish","hentry"],"acf":[],"yoast_head":"<!-- This site is optimized with the Yoast SEO plugin v27.2 - https:\/\/yoast.com\/product\/yoast-seo-wordpress\/ -->\n<title>Aviso legal - The Odierno Law Firm Accident and Injury Lawyers<\/title>\n<meta name=\"robots\" content=\"index, follow, max-snippet:-1, max-image-preview:large, max-video-preview:-1\" \/>\n<link rel=\"canonical\" href=\"https:\/\/www.o2law.com\/es\/aviso-legal\/\" \/>\n<meta property=\"og:locale\" content=\"es_ES\" \/>\n<meta property=\"og:type\" content=\"article\" \/>\n<meta property=\"og:title\" content=\"Aviso legal - The Odierno Law Firm Accident and Injury Lawyers\" \/>\n<meta property=\"og:url\" content=\"https:\/\/www.o2law.com\/es\/aviso-legal\/\" \/>\n<meta property=\"og:site_name\" content=\"The Odierno Law Firm Accident and Injury Lawyers\" \/>\n<meta property=\"article:publisher\" content=\"https:\/\/www.facebook.com\/02law\/\" \/>\n<meta property=\"article:modified_time\" content=\"2026-03-18T15:14:45+00:00\" \/>\n<meta name=\"twitter:card\" content=\"summary_large_image\" \/>\n<script type=\"application\/ld+json\" class=\"yoast-schema-graph\">{\"@context\":\"https:\/\/schema.org\",\"@graph\":[{\"@type\":\"WebPage\",\"@id\":\"https:\/\/www.o2law.com\/es\/aviso-legal\/\",\"url\":\"https:\/\/www.o2law.com\/es\/aviso-legal\/\",\"name\":\"Aviso legal - The Odierno Law Firm Accident and Injury Lawyers\",\"isPartOf\":{\"@id\":\"https:\/\/www.o2law.com\/es\/#website\"},\"datePublished\":\"2026-03-18T15:10:52+00:00\",\"dateModified\":\"2026-03-18T15:14:45+00:00\",\"breadcrumb\":{\"@id\":\"https:\/\/www.o2law.com\/es\/aviso-legal\/#breadcrumb\"},\"inLanguage\":\"es\",\"potentialAction\":[{\"@type\":\"ReadAction\",\"target\":[\"https:\/\/www.o2law.com\/es\/aviso-legal\/\"]}]},{\"@type\":\"BreadcrumbList\",\"@id\":\"https:\/\/www.o2law.com\/es\/aviso-legal\/#breadcrumb\",\"itemListElement\":[{\"@type\":\"ListItem\",\"position\":1,\"name\":\"P\u00e1gina de inicio\",\"item\":\"https:\/\/www.o2law.com\/es\/home-page\/\"},{\"@type\":\"ListItem\",\"position\":2,\"name\":\"Aviso legal\"}]},{\"@type\":\"WebSite\",\"@id\":\"https:\/\/www.o2law.com\/es\/#website\",\"url\":\"https:\/\/www.o2law.com\/es\/\",\"name\":\"The Odierno Law Firm\",\"description\":\"Long Island Personal Injury Lawyers\",\"publisher\":{\"@id\":\"https:\/\/www.o2law.com\/es\/#organization\"},\"alternateName\":\"The Odierno Law Firm Accident and Injury Lawyers\",\"potentialAction\":[{\"@type\":\"SearchAction\",\"target\":{\"@type\":\"EntryPoint\",\"urlTemplate\":\"https:\/\/www.o2law.com\/es\/?s={search_term_string}\"},\"query-input\":{\"@type\":\"PropertyValueSpecification\",\"valueRequired\":true,\"valueName\":\"search_term_string\"}}],\"inLanguage\":\"es\"},{\"@type\":\"Organization\",\"@id\":\"https:\/\/www.o2law.com\/es\/#organization\",\"name\":\"The Odierno Law Firm\",\"alternateName\":\"The Odierno Law Firm Accident and Injury Lawyers\",\"url\":\"https:\/\/www.o2law.com\/es\/\",\"logo\":{\"@type\":\"ImageObject\",\"inLanguage\":\"es\",\"@id\":\"https:\/\/www.o2law.com\/es\/#\/schema\/logo\/image\/\",\"url\":\"https:\/\/www.o2law.com\/wp-content\/uploads\/2026\/02\/logo-the-odierno-law-firm.svg\",\"contentUrl\":\"https:\/\/www.o2law.com\/wp-content\/uploads\/2026\/02\/logo-the-odierno-law-firm.svg\",\"caption\":\"The Odierno Law Firm\"},\"image\":{\"@id\":\"https:\/\/www.o2law.com\/es\/#\/schema\/logo\/image\/\"},\"sameAs\":[\"https:\/\/www.facebook.com\/02law\/\",\"https:\/\/www.instagram.com\/o2_law\/\",\"https:\/\/www.linkedin.com\/company\/the-odierno-law-firm-p-c-\/\",\"https:\/\/www.youtube.com\/@o2_law\",\"https:\/\/www.tiktok.com\/@o2_law\"]}]}<\/script>\n<!-- \/ Yoast SEO plugin. -->","yoast_head_json":{"title":"Aviso legal - The Odierno Law Firm Accident and Injury Lawyers","robots":{"index":"index","follow":"follow","max-snippet":"max-snippet:-1","max-image-preview":"max-image-preview:large","max-video-preview":"max-video-preview:-1"},"canonical":"https:\/\/www.o2law.com\/es\/aviso-legal\/","og_locale":"es_ES","og_type":"article","og_title":"Aviso legal - The Odierno Law Firm Accident and Injury Lawyers","og_url":"https:\/\/www.o2law.com\/es\/aviso-legal\/","og_site_name":"The Odierno Law Firm Accident and Injury Lawyers","article_publisher":"https:\/\/www.facebook.com\/02law\/","article_modified_time":"2026-03-18T15:14:45+00:00","twitter_card":"summary_large_image","schema":{"@context":"https:\/\/schema.org","@graph":[{"@type":"WebPage","@id":"https:\/\/www.o2law.com\/es\/aviso-legal\/","url":"https:\/\/www.o2law.com\/es\/aviso-legal\/","name":"Aviso legal - The Odierno Law Firm Accident and Injury Lawyers","isPartOf":{"@id":"https:\/\/www.o2law.com\/es\/#website"},"datePublished":"2026-03-18T15:10:52+00:00","dateModified":"2026-03-18T15:14:45+00:00","breadcrumb":{"@id":"https:\/\/www.o2law.com\/es\/aviso-legal\/#breadcrumb"},"inLanguage":"es","potentialAction":[{"@type":"ReadAction","target":["https:\/\/www.o2law.com\/es\/aviso-legal\/"]}]},{"@type":"BreadcrumbList","@id":"https:\/\/www.o2law.com\/es\/aviso-legal\/#breadcrumb","itemListElement":[{"@type":"ListItem","position":1,"name":"P\u00e1gina de inicio","item":"https:\/\/www.o2law.com\/es\/home-page\/"},{"@type":"ListItem","position":2,"name":"Aviso legal"}]},{"@type":"WebSite","@id":"https:\/\/www.o2law.com\/es\/#website","url":"https:\/\/www.o2law.com\/es\/","name":"The Odierno Law Firm","description":"Long Island Personal Injury Lawyers","publisher":{"@id":"https:\/\/www.o2law.com\/es\/#organization"},"alternateName":"The Odierno Law Firm Accident and Injury Lawyers","potentialAction":[{"@type":"SearchAction","target":{"@type":"EntryPoint","urlTemplate":"https:\/\/www.o2law.com\/es\/?s={search_term_string}"},"query-input":{"@type":"PropertyValueSpecification","valueRequired":true,"valueName":"search_term_string"}}],"inLanguage":"es"},{"@type":"Organization","@id":"https:\/\/www.o2law.com\/es\/#organization","name":"The Odierno Law Firm","alternateName":"The Odierno Law Firm Accident and Injury Lawyers","url":"https:\/\/www.o2law.com\/es\/","logo":{"@type":"ImageObject","inLanguage":"es","@id":"https:\/\/www.o2law.com\/es\/#\/schema\/logo\/image\/","url":"https:\/\/www.o2law.com\/wp-content\/uploads\/2026\/02\/logo-the-odierno-law-firm.svg","contentUrl":"https:\/\/www.o2law.com\/wp-content\/uploads\/2026\/02\/logo-the-odierno-law-firm.svg","caption":"The Odierno Law Firm"},"image":{"@id":"https:\/\/www.o2law.com\/es\/#\/schema\/logo\/image\/"},"sameAs":["https:\/\/www.facebook.com\/02law\/","https:\/\/www.instagram.com\/o2_law\/","https:\/\/www.linkedin.com\/company\/the-odierno-law-firm-p-c-\/","https:\/\/www.youtube.com\/@o2_law","https:\/\/www.tiktok.com\/@o2_law"]}]}},"_links":{"self":[{"href":"https:\/\/www.o2law.com\/es\/wp-json\/wp\/v2\/pages\/2153","targetHints":{"allow":["GET"]}}],"collection":[{"href":"https:\/\/www.o2law.com\/es\/wp-json\/wp\/v2\/pages"}],"about":[{"href":"https:\/\/www.o2law.com\/es\/wp-json\/wp\/v2\/types\/page"}],"author":[{"embeddable":true,"href":"https:\/\/www.o2law.com\/es\/wp-json\/wp\/v2\/users\/2"}],"replies":[{"embeddable":true,"href":"https:\/\/www.o2law.com\/es\/wp-json\/wp\/v2\/comments?post=2153"}],"version-history":[{"count":0,"href":"https:\/\/www.o2law.com\/es\/wp-json\/wp\/v2\/pages\/2153\/revisions"}],"wp:attachment":[{"href":"https:\/\/www.o2law.com\/es\/wp-json\/wp\/v2\/media?parent=2153"}],"curies":[{"name":"wp","href":"https:\/\/api.w.org\/{rel}","templated":true}]}}