{"id":2155,"date":"2026-01-28T16:07:26","date_gmt":"2026-01-28T16:07:26","guid":{"rendered":"https:\/\/odierno2dev.wpenginepowered.com\/privacy-policy\/"},"modified":"2026-03-18T15:20:32","modified_gmt":"2026-03-18T15:20:32","slug":"politica-de-privacidad","status":"publish","type":"page","link":"https:\/\/www.o2law.com\/es\/politica-de-privacidad\/","title":{"rendered":"Pol\u00edtica de privacidad"},"content":{"rendered":"\n      <section  class=\"o2-block o2-block-raw-content pb-10 lg:pb-12\">\n      <div class=\"o2-typo o2-typo--raw-content\">\n        <p>Fecha de entrada en vigor: 20 de enero de 2026<\/p>\n<p>En The Odierno Law Firm P.C., respetamos su privacidad y nos comprometemos a proteger la informaci\u00f3n personal que comparte con nosotros. La presente Pol\u00edtica de privacidad explica c\u00f3mo recopilamos, utilizamos, divulgamos y protegemos su informaci\u00f3n cuando interact\u00faa con nuestro bufete, ya sea a trav\u00e9s de nuestro sitio web, por tel\u00e9fono, por correo electr\u00f3nico o en persona.<\/p>\n<h2><span class=\"ez-toc-section\" id=\"Informacion_que_recopilamos\"><\/span>Informaci\u00f3n que recopilamos<span class=\"ez-toc-section-end\"><\/span><\/h2>\n<p>Podemos recopilar los siguientes tipos de informaci\u00f3n:<\/p>\n<p>Informaci\u00f3n personal: nombre, direcci\u00f3n, n\u00famero de tel\u00e9fono, direcci\u00f3n de correo electr\u00f3nico y otros datos que nos facilite al ponerse en contacto con nosotros o al convertirse en cliente.<\/p>\n<p>Informaci\u00f3n del caso: documentos y detalles relacionados con los asuntos legales que nos conf\u00eda.<\/p>\n<p>Informaci\u00f3n t\u00e9cnica: Informaci\u00f3n recopilada autom\u00e1ticamente a trav\u00e9s de nuestro sitio web, como direcciones IP, tipo de navegador y datos de uso.<\/p>\n<h2><span class=\"ez-toc-section\" id=\"Como_utilizamos_su_informacion\"><\/span>C\u00f3mo utilizamos su informaci\u00f3n<span class=\"ez-toc-section-end\"><\/span><\/h2>\n<p>Utilizamos la informaci\u00f3n que recopilamos para:<\/p>\n<p>Prestar servicios jur\u00eddicos adaptados a sus necesidades.<\/p>\n<p>Comunicarnos con usted sobre su caso, consultas o novedades del bufete.<\/p>\n<p>Mantener registros precisos de la empresa y de los clientes.<\/p>\n<p>Cumplir con las obligaciones legales y reglamentarias.<\/p>\n<h2><span class=\"ez-toc-section\" id=\"Como_compartimos_su_informacion\"><\/span>C\u00f3mo compartimos su informaci\u00f3n<span class=\"ez-toc-section-end\"><\/span><\/h2>\n<p>No vendemos ni alquilamos su informaci\u00f3n personal. Solo podemos compartir su informaci\u00f3n en las siguientes circunstancias:<\/p>\n<p>Con su consentimiento: cuando nos autoriza a compartir su informaci\u00f3n.<\/p>\n<p>Con proveedores de servicios: con terceros de confianza que nos ayudan a prestar nuestros servicios (por<\/p>\n<p>ejemplo, proveedores de TI o de almacenamiento de documentos).<\/p>\n<p>Seg\u00fan lo exija la ley: si la divulgaci\u00f3n es necesaria para cumplir con procesos legales o proteger nuestros derechos.<\/p>\n<h2><span class=\"ez-toc-section\" id=\"Seguridad_de_los_datos\"><\/span>Seguridad de los datos<span class=\"ez-toc-section-end\"><\/span><\/h2>\n<p>Implementamos medidas de seguridad t\u00e9cnicas, administrativas y f\u00edsicas razonables para proteger su informaci\u00f3n personal. Sin embargo, ning\u00fan m\u00e9todo de transmisi\u00f3n por Internet ni ning\u00fan sistema de almacenamiento es completamente seguro.<\/p>\n<p>Sus derechos<\/p>\n<p>Dependiendo de su jurisdicci\u00f3n, usted puede tener derecho a:<\/p>\n<p>Solicitar acceso a los datos personales que tenemos sobre usted.<\/p>\n<p>Solicitar correcciones o actualizaciones de su informaci\u00f3n.<\/p>\n<p>Solicitar la eliminaci\u00f3n de su informaci\u00f3n, con sujeci\u00f3n a la legislaci\u00f3n aplicable.<\/p>\n      <\/div>\n    <\/section>\n  \n","protected":false},"excerpt":{"rendered":"","protected":false},"author":1,"featured_media":0,"parent":0,"menu_order":0,"comment_status":"closed","ping_status":"closed","template":"templates\/page-long-form.php","meta":{"_acf_changed":true,"footnotes":""},"class_list":["post-2155","page","type-page","status-publish","hentry"],"acf":[],"yoast_head":"<!-- This site is optimized with the Yoast SEO plugin v27.2 - https:\/\/yoast.com\/product\/yoast-seo-wordpress\/ -->\n<title>Pol\u00edtica de privacidad - The Odierno Law Firm Accident and Injury Lawyers<\/title>\n<meta name=\"robots\" content=\"index, follow, max-snippet:-1, max-image-preview:large, max-video-preview:-1\" \/>\n<link rel=\"canonical\" href=\"https:\/\/www.o2law.com\/es\/politica-de-privacidad\/\" \/>\n<meta property=\"og:locale\" content=\"es_ES\" \/>\n<meta property=\"og:type\" content=\"article\" \/>\n<meta property=\"og:title\" content=\"Pol\u00edtica de privacidad - The Odierno Law Firm Accident and Injury Lawyers\" \/>\n<meta property=\"og:url\" content=\"https:\/\/www.o2law.com\/es\/politica-de-privacidad\/\" \/>\n<meta property=\"og:site_name\" content=\"The Odierno Law Firm Accident and Injury Lawyers\" \/>\n<meta property=\"article:publisher\" content=\"https:\/\/www.facebook.com\/02law\/\" \/>\n<meta property=\"article:modified_time\" content=\"2026-03-18T15:20:32+00:00\" \/>\n<meta name=\"twitter:card\" content=\"summary_large_image\" \/>\n<script type=\"application\/ld+json\" class=\"yoast-schema-graph\">{\"@context\":\"https:\/\/schema.org\",\"@graph\":[{\"@type\":\"WebPage\",\"@id\":\"https:\/\/www.o2law.com\/es\/politica-de-privacidad\/\",\"url\":\"https:\/\/www.o2law.com\/es\/politica-de-privacidad\/\",\"name\":\"Pol\u00edtica de privacidad - The Odierno Law Firm Accident and Injury Lawyers\",\"isPartOf\":{\"@id\":\"https:\/\/www.o2law.com\/es\/#website\"},\"datePublished\":\"2026-01-28T16:07:26+00:00\",\"dateModified\":\"2026-03-18T15:20:32+00:00\",\"breadcrumb\":{\"@id\":\"https:\/\/www.o2law.com\/es\/politica-de-privacidad\/#breadcrumb\"},\"inLanguage\":\"es\",\"potentialAction\":[{\"@type\":\"ReadAction\",\"target\":[\"https:\/\/www.o2law.com\/es\/politica-de-privacidad\/\"]}]},{\"@type\":\"BreadcrumbList\",\"@id\":\"https:\/\/www.o2law.com\/es\/politica-de-privacidad\/#breadcrumb\",\"itemListElement\":[{\"@type\":\"ListItem\",\"position\":1,\"name\":\"P\u00e1gina de inicio\",\"item\":\"https:\/\/www.o2law.com\/es\/\"},{\"@type\":\"ListItem\",\"position\":2,\"name\":\"Pol\u00edtica de privacidad\"}]},{\"@type\":\"WebSite\",\"@id\":\"https:\/\/www.o2law.com\/es\/#website\",\"url\":\"https:\/\/www.o2law.com\/es\/\",\"name\":\"The Odierno Law Firm\",\"description\":\"Long Island Personal Injury Lawyers\",\"publisher\":{\"@id\":\"https:\/\/www.o2law.com\/es\/#organization\"},\"alternateName\":\"The Odierno Law Firm Accident and Injury Lawyers\",\"potentialAction\":[{\"@type\":\"SearchAction\",\"target\":{\"@type\":\"EntryPoint\",\"urlTemplate\":\"https:\/\/www.o2law.com\/es\/?s={search_term_string}\"},\"query-input\":{\"@type\":\"PropertyValueSpecification\",\"valueRequired\":true,\"valueName\":\"search_term_string\"}}],\"inLanguage\":\"es\"},{\"@type\":\"Organization\",\"@id\":\"https:\/\/www.o2law.com\/es\/#organization\",\"name\":\"The Odierno Law Firm\",\"alternateName\":\"The Odierno Law Firm Accident and Injury Lawyers\",\"url\":\"https:\/\/www.o2law.com\/es\/\",\"logo\":{\"@type\":\"ImageObject\",\"inLanguage\":\"es\",\"@id\":\"https:\/\/www.o2law.com\/es\/#\/schema\/logo\/image\/\",\"url\":\"https:\/\/www.o2law.com\/wp-content\/uploads\/2026\/02\/logo-the-odierno-law-firm.svg\",\"contentUrl\":\"https:\/\/www.o2law.com\/wp-content\/uploads\/2026\/02\/logo-the-odierno-law-firm.svg\",\"caption\":\"The Odierno Law Firm\"},\"image\":{\"@id\":\"https:\/\/www.o2law.com\/es\/#\/schema\/logo\/image\/\"},\"sameAs\":[\"https:\/\/www.facebook.com\/02law\/\",\"https:\/\/www.instagram.com\/o2_law\/\",\"https:\/\/www.linkedin.com\/company\/the-odierno-law-firm-p-c-\/\",\"https:\/\/www.youtube.com\/@o2_law\",\"https:\/\/www.tiktok.com\/@o2_law\"]}]}<\/script>\n<!-- \/ Yoast SEO plugin. -->","yoast_head_json":{"title":"Pol\u00edtica de privacidad - The Odierno Law Firm Accident and Injury Lawyers","robots":{"index":"index","follow":"follow","max-snippet":"max-snippet:-1","max-image-preview":"max-image-preview:large","max-video-preview":"max-video-preview:-1"},"canonical":"https:\/\/www.o2law.com\/es\/politica-de-privacidad\/","og_locale":"es_ES","og_type":"article","og_title":"Pol\u00edtica de privacidad - The Odierno Law Firm Accident and Injury Lawyers","og_url":"https:\/\/www.o2law.com\/es\/politica-de-privacidad\/","og_site_name":"The Odierno Law Firm Accident and Injury Lawyers","article_publisher":"https:\/\/www.facebook.com\/02law\/","article_modified_time":"2026-03-18T15:20:32+00:00","twitter_card":"summary_large_image","schema":{"@context":"https:\/\/schema.org","@graph":[{"@type":"WebPage","@id":"https:\/\/www.o2law.com\/es\/politica-de-privacidad\/","url":"https:\/\/www.o2law.com\/es\/politica-de-privacidad\/","name":"Pol\u00edtica de privacidad - The Odierno Law Firm Accident and Injury Lawyers","isPartOf":{"@id":"https:\/\/www.o2law.com\/es\/#website"},"datePublished":"2026-01-28T16:07:26+00:00","dateModified":"2026-03-18T15:20:32+00:00","breadcrumb":{"@id":"https:\/\/www.o2law.com\/es\/politica-de-privacidad\/#breadcrumb"},"inLanguage":"es","potentialAction":[{"@type":"ReadAction","target":["https:\/\/www.o2law.com\/es\/politica-de-privacidad\/"]}]},{"@type":"BreadcrumbList","@id":"https:\/\/www.o2law.com\/es\/politica-de-privacidad\/#breadcrumb","itemListElement":[{"@type":"ListItem","position":1,"name":"P\u00e1gina de inicio","item":"https:\/\/www.o2law.com\/es\/"},{"@type":"ListItem","position":2,"name":"Pol\u00edtica de privacidad"}]},{"@type":"WebSite","@id":"https:\/\/www.o2law.com\/es\/#website","url":"https:\/\/www.o2law.com\/es\/","name":"The Odierno Law Firm","description":"Long Island Personal Injury Lawyers","publisher":{"@id":"https:\/\/www.o2law.com\/es\/#organization"},"alternateName":"The Odierno Law Firm Accident and Injury Lawyers","potentialAction":[{"@type":"SearchAction","target":{"@type":"EntryPoint","urlTemplate":"https:\/\/www.o2law.com\/es\/?s={search_term_string}"},"query-input":{"@type":"PropertyValueSpecification","valueRequired":true,"valueName":"search_term_string"}}],"inLanguage":"es"},{"@type":"Organization","@id":"https:\/\/www.o2law.com\/es\/#organization","name":"The Odierno Law Firm","alternateName":"The Odierno Law Firm Accident and Injury Lawyers","url":"https:\/\/www.o2law.com\/es\/","logo":{"@type":"ImageObject","inLanguage":"es","@id":"https:\/\/www.o2law.com\/es\/#\/schema\/logo\/image\/","url":"https:\/\/www.o2law.com\/wp-content\/uploads\/2026\/02\/logo-the-odierno-law-firm.svg","contentUrl":"https:\/\/www.o2law.com\/wp-content\/uploads\/2026\/02\/logo-the-odierno-law-firm.svg","caption":"The Odierno Law Firm"},"image":{"@id":"https:\/\/www.o2law.com\/es\/#\/schema\/logo\/image\/"},"sameAs":["https:\/\/www.facebook.com\/02law\/","https:\/\/www.instagram.com\/o2_law\/","https:\/\/www.linkedin.com\/company\/the-odierno-law-firm-p-c-\/","https:\/\/www.youtube.com\/@o2_law","https:\/\/www.tiktok.com\/@o2_law"]}]}},"_links":{"self":[{"href":"https:\/\/www.o2law.com\/es\/wp-json\/wp\/v2\/pages\/2155","targetHints":{"allow":["GET"]}}],"collection":[{"href":"https:\/\/www.o2law.com\/es\/wp-json\/wp\/v2\/pages"}],"about":[{"href":"https:\/\/www.o2law.com\/es\/wp-json\/wp\/v2\/types\/page"}],"author":[{"embeddable":true,"href":"https:\/\/www.o2law.com\/es\/wp-json\/wp\/v2\/users\/1"}],"replies":[{"embeddable":true,"href":"https:\/\/www.o2law.com\/es\/wp-json\/wp\/v2\/comments?post=2155"}],"version-history":[{"count":0,"href":"https:\/\/www.o2law.com\/es\/wp-json\/wp\/v2\/pages\/2155\/revisions"}],"wp:attachment":[{"href":"https:\/\/www.o2law.com\/es\/wp-json\/wp\/v2\/media?parent=2155"}],"curies":[{"name":"wp","href":"https:\/\/api.w.org\/{rel}","templated":true}]}}